{"id":7563,"date":"2024-05-31T18:09:45","date_gmt":"2024-05-31T18:09:45","guid":{"rendered":"https:\/\/fencelesstravel.com\/?post_type=product&#038;p=7563"},"modified":"2025-08-27T14:42:54","modified_gmt":"2025-08-27T14:42:54","slug":"two-tickets-anywhere-t-shirt-2","status":"publish","type":"product","link":"https:\/\/fencelesstravel.com\/fr\/produit\/two-tickets-anywhere-t-shirt-2\/","title":{"rendered":"NOUVEAU T-shirt Fenceless \u2013 L&#039;Aventurier"},"content":{"rendered":"<p>&nbsp;<\/p>\n<p>Pour les hommes et les femmes qui partagent la passion du voyage.<\/p>","protected":false},"excerpt":{"rendered":"<p data-start=\"80\" data-end=\"223\"><strong data-start=\"80\" data-end=\"108\">Alimentez votre prochaine aventure<br \/>\n<\/strong><br data-start=\"108\" data-end=\"111\" \/>Que vous soyez \u00e0 la poursuite des couchers de soleil ou que vous traversiez des fronti\u00e8res, cette chemise est con\u00e7ue pour vous accompagner partout o\u00f9 votre curiosit\u00e9 vous m\u00e8ne.<\/p>\n<p data-start=\"225\" data-end=\"492\">Con\u00e7u avec soin pour allier confort et durabilit\u00e9, c&#039;est plus qu&#039;un t-shirt\u00a0: c&#039;est le symbole de votre passion pour les chemins moins fr\u00e9quent\u00e9s. Orn\u00e9 d&#039;un motif original d&#039;un artiste qu\u00e9b\u00e9cois. <strong data-start=\"403\" data-end=\"436\">Mathieu Laroche (@matellizer)<\/strong>, chaque pi\u00e8ce est imprim\u00e9e localement avec soin et intention.<\/p>\n<p data-start=\"494\" data-end=\"639\">\ud83d\udccd <strong data-start=\"497\" data-end=\"531\">Con\u00e7u et imprim\u00e9 au Qu\u00e9bec<\/strong><br data-start=\"531\" data-end=\"534\" \/>\ud83c\udfa8 <strong data-start=\"537\" data-end=\"585\">\u0152uvre d&#039;art originale qui c\u00e9l\u00e8bre l&#039;exploration<\/strong><br data-start=\"585\" data-end=\"588\" \/>\ud83e\udded <strong data-start=\"591\" data-end=\"639\">Con\u00e7u pour les voyageurs, les r\u00eaveurs et les \u00e2mes sauvages<\/strong><\/p>\n<p data-start=\"641\" data-end=\"672\">Portez-le. Vivez-le. Explorez davantage.<\/p>\n<p>&nbsp;<\/p>","protected":false},"featured_media":8319,"comment_status":"open","ping_status":"closed","template":"","meta":{"_acf_changed":false,"yasr_overall_rating":4.7,"yasr_post_is_review":"","yasr_auto_insert_disabled":"","yasr_review_type":""},"product_brand":[],"product_cat":[302,395],"product_tag":[],"class_list":{"0":"post-7563","1":"product","2":"type-product","3":"status-publish","4":"has-post-thumbnail","6":"product_cat-clothing","7":"product_cat-t-shirts","9":"first","10":"instock","11":"shipping-taxable","12":"purchasable","13":"product-type-variable"},"acf":[],"yasr_visitor_votes":{"stars_attributes":{"read_only":false,"span_bottom":false},"number_of_votes":0,"sum_votes":0},"_links":{"self":[{"href":"https:\/\/fencelesstravel.com\/fr\/wp-json\/wp\/v2\/product\/7563","targetHints":{"allow":["GET"]}}],"collection":[{"href":"https:\/\/fencelesstravel.com\/fr\/wp-json\/wp\/v2\/product"}],"about":[{"href":"https:\/\/fencelesstravel.com\/fr\/wp-json\/wp\/v2\/types\/product"}],"replies":[{"embeddable":true,"href":"https:\/\/fencelesstravel.com\/fr\/wp-json\/wp\/v2\/comments?post=7563"}],"wp:featuredmedia":[{"embeddable":true,"href":"https:\/\/fencelesstravel.com\/fr\/wp-json\/wp\/v2\/media\/8319"}],"wp:attachment":[{"href":"https:\/\/fencelesstravel.com\/fr\/wp-json\/wp\/v2\/media?parent=7563"}],"wp:term":[{"taxonomy":"product_brand","embeddable":true,"href":"https:\/\/fencelesstravel.com\/fr\/wp-json\/wp\/v2\/product_brand?post=7563"},{"taxonomy":"product_cat","embeddable":true,"href":"https:\/\/fencelesstravel.com\/fr\/wp-json\/wp\/v2\/product_cat?post=7563"},{"taxonomy":"product_tag","embeddable":true,"href":"https:\/\/fencelesstravel.com\/fr\/wp-json\/wp\/v2\/product_tag?post=7563"}],"curies":[{"name":"wp","href":"https:\/\/api.w.org\/{rel}","templated":true}]}}