{"id":6212,"date":"2023-06-18T19:05:24","date_gmt":"2023-06-18T19:05:24","guid":{"rendered":"https:\/\/fencelesstrav.wpenginepowered.com\/?post_type=product&#038;p=6212"},"modified":"2025-03-09T22:01:41","modified_gmt":"2025-03-09T22:01:41","slug":"travel-accessories-bundle","status":"publish","type":"product","link":"https:\/\/fencelesstravel.com\/fr\/produit\/travel-accessories-bundle\/","title":{"rendered":"Pack d&#039;accessoires de voyage"},"content":{"rendered":"<p><a href=\"https:\/\/fencelesstravel.com\/wp-content\/uploads\/2022\/08\/A7409287.jpg\"><img fetchpriority=\"high\" decoding=\"async\" class=\"alignnone size-medium wp-image-7545\" src=\"https:\/\/fencelesstravel.com\/wp-content\/uploads\/2022\/08\/A7409287-246x300.jpg\" alt=\"Notebook\" width=\"246\" height=\"300\" srcset=\"https:\/\/fencelesstravel.com\/wp-content\/uploads\/2022\/08\/A7409287-246x300.jpg 246w, https:\/\/fencelesstravel.com\/wp-content\/uploads\/2022\/08\/A7409287-400x488.jpg 400w, https:\/\/fencelesstravel.com\/wp-content\/uploads\/2022\/08\/A7409287-840x1024.jpg 840w, https:\/\/fencelesstravel.com\/wp-content\/uploads\/2022\/08\/A7409287-768x936.jpg 768w, https:\/\/fencelesstravel.com\/wp-content\/uploads\/2022\/08\/A7409287-1260x1536.jpg 1260w, https:\/\/fencelesstravel.com\/wp-content\/uploads\/2022\/08\/A7409287.jpg 1680w\" sizes=\"(max-width: 246px) 100vw, 246px\" \/><\/a><a href=\"https:\/\/fencelesstravel.com\/wp-content\/uploads\/2024\/05\/A7409283-e1719155386470.jpg\"><img decoding=\"async\" class=\"alignnone size-medium wp-image-7443\" src=\"https:\/\/fencelesstravel.com\/wp-content\/uploads\/2024\/05\/A7409283-e1719155386470-206x300.jpg\" alt=\"\" width=\"206\" height=\"300\" srcset=\"https:\/\/fencelesstravel.com\/wp-content\/uploads\/2024\/05\/A7409283-e1719155386470-206x300.jpg 206w, https:\/\/fencelesstravel.com\/wp-content\/uploads\/2024\/05\/A7409283-e1719155386470.jpg 396w\" sizes=\"(max-width: 206px) 100vw, 206px\" \/><\/a><a href=\"https:\/\/fencelesstravel.com\/wp-content\/uploads\/2024\/05\/A7409333.jpg\"><img decoding=\"async\" class=\"alignnone size-medium wp-image-7451\" src=\"https:\/\/fencelesstravel.com\/wp-content\/uploads\/2024\/05\/A7409333-200x300.jpg\" alt=\"\" width=\"200\" height=\"300\" srcset=\"https:\/\/fencelesstravel.com\/wp-content\/uploads\/2024\/05\/A7409333-200x300.jpg 200w, https:\/\/fencelesstravel.com\/wp-content\/uploads\/2024\/05\/A7409333.jpg 400w\" sizes=\"(max-width: 200px) 100vw, 200px\" \/><\/a><a href=\"https:\/\/fencelesstravel.com\/wp-content\/uploads\/2023\/06\/A7409292-scaled-e1719157142602.jpg\"><img loading=\"lazy\" decoding=\"async\" class=\"alignnone  wp-image-7637\" src=\"https:\/\/fencelesstravel.com\/wp-content\/uploads\/2023\/06\/A7409292-300x200.jpg\" alt=\"\" width=\"695\" height=\"463\" \/><\/a><\/p>","protected":false},"excerpt":{"rendered":"<p>Cette collection d&#039;accessoires de voyage soigneusement s\u00e9lectionn\u00e9e est con\u00e7ue pour am\u00e9liorer votre voyage, que vous vous lanciez dans une escapade d&#039;un week-end ou dans une exp\u00e9dition \u00e0 travers le monde.<\/p>\n<p>Dans ce pack complet, vous trouverez une gamme d&#039;articles indispensables qui rendront votre exp\u00e9rience de voyage plus pratique, organis\u00e9e et agr\u00e9able. Le pack comprend :<\/p>\n<ol>\n<li>Serviette en microfibre<\/li>\n<li>Sac \u00e0 dos \u00e9tanche<\/li>\n<li>Sac compressible<\/li>\n<li>Carnet de voyage<\/li>\n<\/ol>\n<p>Que vous soyez un voyageur fr\u00e9quent ou que vous planifiez vos vacances de r\u00eave, le kit Ultimate Travel Adventure est votre compagnon de voyage id\u00e9al. Ces accessoires soigneusement s\u00e9lectionn\u00e9s am\u00e9lioreront votre exp\u00e9rience de voyage, la rendant plus confortable, organis\u00e9e et sans stress. Pr\u00e9parez-vous \u00e0 vous lancer dans des aventures inoubliables avec ce kit de voyage essentiel !<\/p>","protected":false},"featured_media":7459,"comment_status":"open","ping_status":"closed","template":"","meta":{"_acf_changed":false,"yasr_overall_rating":0,"yasr_post_is_review":"","yasr_auto_insert_disabled":"","yasr_review_type":""},"product_brand":[],"product_cat":[301,389,309],"product_tag":[],"class_list":{"0":"post-6212","1":"product","2":"type-product","3":"status-publish","4":"has-post-thumbnail","6":"product_cat-uncategorized","7":"product_cat-accessories","8":"product_cat-equipment","10":"first","11":"instock","12":"sale","13":"shipping-taxable","14":"purchasable","15":"product-type-simple"},"acf":[],"yasr_visitor_votes":{"stars_attributes":{"read_only":false,"span_bottom":false},"number_of_votes":0,"sum_votes":0},"_links":{"self":[{"href":"https:\/\/fencelesstravel.com\/fr\/wp-json\/wp\/v2\/product\/6212","targetHints":{"allow":["GET"]}}],"collection":[{"href":"https:\/\/fencelesstravel.com\/fr\/wp-json\/wp\/v2\/product"}],"about":[{"href":"https:\/\/fencelesstravel.com\/fr\/wp-json\/wp\/v2\/types\/product"}],"replies":[{"embeddable":true,"href":"https:\/\/fencelesstravel.com\/fr\/wp-json\/wp\/v2\/comments?post=6212"}],"wp:featuredmedia":[{"embeddable":true,"href":"https:\/\/fencelesstravel.com\/fr\/wp-json\/wp\/v2\/media\/7459"}],"wp:attachment":[{"href":"https:\/\/fencelesstravel.com\/fr\/wp-json\/wp\/v2\/media?parent=6212"}],"wp:term":[{"taxonomy":"product_brand","embeddable":true,"href":"https:\/\/fencelesstravel.com\/fr\/wp-json\/wp\/v2\/product_brand?post=6212"},{"taxonomy":"product_cat","embeddable":true,"href":"https:\/\/fencelesstravel.com\/fr\/wp-json\/wp\/v2\/product_cat?post=6212"},{"taxonomy":"product_tag","embeddable":true,"href":"https:\/\/fencelesstravel.com\/fr\/wp-json\/wp\/v2\/product_tag?post=6212"}],"curies":[{"name":"wp","href":"https:\/\/api.w.org\/{rel}","templated":true}]}}