{"id":5574,"date":"2022-08-11T21:17:24","date_gmt":"2022-08-11T21:17:24","guid":{"rendered":"https:\/\/fencelesstrav.wpenginepowered.com\/?post_type=product&#038;p=5574"},"modified":"2025-03-09T22:02:18","modified_gmt":"2025-03-09T22:02:18","slug":"travel-notebook","status":"publish","type":"product","link":"https:\/\/fencelesstravel.com\/fr\/produit\/travel-notebook\/","title":{"rendered":"Journal de voyage"},"content":{"rendered":"<p><a href=\"https:\/\/fencelesstravel.com\/wp-content\/uploads\/2022\/08\/A7409289-scaled.jpg\"><img fetchpriority=\"high\" decoding=\"async\" class=\"alignnone size-medium wp-image-5986\" src=\"https:\/\/fencelesstravel.com\/wp-content\/uploads\/2022\/08\/A7409289-200x300.jpg\" alt=\"Travel notebook\" width=\"200\" height=\"300\" srcset=\"https:\/\/fencelesstravel.com\/wp-content\/uploads\/2022\/08\/A7409289-200x300.jpg 200w, https:\/\/fencelesstravel.com\/wp-content\/uploads\/2022\/08\/A7409289-scaled-400x600.jpg 400w, https:\/\/fencelesstravel.com\/wp-content\/uploads\/2022\/08\/A7409289-683x1024.jpg 683w, https:\/\/fencelesstravel.com\/wp-content\/uploads\/2022\/08\/A7409289-768x1152.jpg 768w, https:\/\/fencelesstravel.com\/wp-content\/uploads\/2022\/08\/A7409289-1024x1536.jpg 1024w, https:\/\/fencelesstravel.com\/wp-content\/uploads\/2022\/08\/A7409289-1365x2048.jpg 1365w, https:\/\/fencelesstravel.com\/wp-content\/uploads\/2022\/08\/A7409289-scaled.jpg 1707w\" sizes=\"(max-width: 200px) 100vw, 200px\" \/><\/a><\/p>\n<p>&nbsp;<\/p>\n<p>L&#039;essentiel du voyage \u2013 Votre m\u00e9moire est bonne, mais vos mots sur notre papier sont bien meilleurs<\/p>\n<p>Notez vos souvenirs d&#039;aventures chaque jour !<\/p>\n<p>Notre carnet est sp\u00e9cialement con\u00e7u pour \u00eatre compact et l\u00e9ger, ce qui le rend facile \u00e0 ranger dans votre sac \u00e0 dos ou votre valise sans prendre trop de place.<\/p>","protected":false},"excerpt":{"rendered":"<p>Notez vos souvenirs d&#039;aventures chaque jour !<\/p>\n<p>Ta m\u00e9moire est bonne mais tes mots sur notre papier sont bien meilleurs !<\/p>\n<p>Voici le compagnon id\u00e9al pour votre prochaine aventure : le carnet de voyage ! Notre carnet est sp\u00e9cialement con\u00e7u pour \u00eatre compact et l\u00e9ger, ce qui le rend facile \u00e0 ranger dans votre sac \u00e0 dos ou votre valise sans prendre trop de place.<\/p>\n<p>Que vous exploriez une nouvelle ville, que vous fassiez une randonn\u00e9e dans la nature ou que vous vous asseyiez simplement au bord de la plage, notre carnet de voyage est l&#039;outil id\u00e9al pour capturer vos souvenirs et vos exp\u00e9riences. Alors pourquoi attendre ? Commencez \u00e0 planifier votre prochaine aventure d\u00e8s aujourd&#039;hui et n&#039;oubliez pas d&#039;emporter votre fid\u00e8le carnet de voyage !<\/p>\n<p><strong>Prime:\u00a0<\/strong>En achetant ce carnet, vous recevrez \u00e9galement un guide PDF de journal de voyage, pour vous aider \u00e0 \u00e9crire vos souvenirs.<\/p>\n<p><span class=\"Y2IQFc\" lang=\"en\">Vous n&#039;oublierez aucun d\u00e9tail de vos voyages sur notre carnet modul\u00e9 pour accueillir vos histoires !<\/span><\/p>\n<p>Voyage sans barri\u00e8res \u2013 Parcourez l\u2019inconnu<\/p>","protected":false},"featured_media":7545,"comment_status":"open","ping_status":"closed","template":"","meta":{"_acf_changed":false,"yasr_overall_rating":5,"yasr_post_is_review":"","yasr_auto_insert_disabled":"","yasr_review_type":""},"product_brand":[],"product_cat":[389,309],"product_tag":[],"class_list":{"0":"post-5574","1":"product","2":"type-product","3":"status-publish","4":"has-post-thumbnail","6":"product_cat-accessories","7":"product_cat-equipment","9":"first","10":"instock","11":"downloadable","12":"shipping-taxable","13":"purchasable","14":"product-type-simple"},"acf":[],"yasr_visitor_votes":{"stars_attributes":{"read_only":false,"span_bottom":false},"number_of_votes":0,"sum_votes":0},"_links":{"self":[{"href":"https:\/\/fencelesstravel.com\/fr\/wp-json\/wp\/v2\/product\/5574","targetHints":{"allow":["GET"]}}],"collection":[{"href":"https:\/\/fencelesstravel.com\/fr\/wp-json\/wp\/v2\/product"}],"about":[{"href":"https:\/\/fencelesstravel.com\/fr\/wp-json\/wp\/v2\/types\/product"}],"replies":[{"embeddable":true,"href":"https:\/\/fencelesstravel.com\/fr\/wp-json\/wp\/v2\/comments?post=5574"}],"wp:featuredmedia":[{"embeddable":true,"href":"https:\/\/fencelesstravel.com\/fr\/wp-json\/wp\/v2\/media\/7545"}],"wp:attachment":[{"href":"https:\/\/fencelesstravel.com\/fr\/wp-json\/wp\/v2\/media?parent=5574"}],"wp:term":[{"taxonomy":"product_brand","embeddable":true,"href":"https:\/\/fencelesstravel.com\/fr\/wp-json\/wp\/v2\/product_brand?post=5574"},{"taxonomy":"product_cat","embeddable":true,"href":"https:\/\/fencelesstravel.com\/fr\/wp-json\/wp\/v2\/product_cat?post=5574"},{"taxonomy":"product_tag","embeddable":true,"href":"https:\/\/fencelesstravel.com\/fr\/wp-json\/wp\/v2\/product_tag?post=5574"}],"curies":[{"name":"wp","href":"https:\/\/api.w.org\/{rel}","templated":true}]}}