{"id":5572,"date":"2022-08-11T21:12:58","date_gmt":"2022-08-11T21:12:58","guid":{"rendered":"https:\/\/fencelesstrav.wpenginepowered.com\/?post_type=product&#038;p=5572"},"modified":"2025-03-09T22:02:27","modified_gmt":"2025-03-09T22:02:27","slug":"compression-stuff-sack","status":"publish","type":"product","link":"https:\/\/fencelesstravel.com\/fr\/produit\/compression-stuff-sack\/","title":{"rendered":"Sac de compression"},"content":{"rendered":"<p><a href=\"https:\/\/fencelesstravel.com\/wp-content\/uploads\/2022\/08\/A7409345-scaled.jpg\"><img fetchpriority=\"high\" decoding=\"async\" class=\"alignnone size-medium wp-image-5978\" src=\"https:\/\/fencelesstravel.com\/wp-content\/uploads\/2022\/08\/A7409345-200x300.jpg\" alt=\"\" width=\"200\" height=\"300\" srcset=\"https:\/\/fencelesstravel.com\/wp-content\/uploads\/2022\/08\/A7409345-200x300.jpg 200w, https:\/\/fencelesstravel.com\/wp-content\/uploads\/2022\/08\/A7409345-scaled-400x600.jpg 400w, https:\/\/fencelesstravel.com\/wp-content\/uploads\/2022\/08\/A7409345-683x1024.jpg 683w, https:\/\/fencelesstravel.com\/wp-content\/uploads\/2022\/08\/A7409345-768x1152.jpg 768w, https:\/\/fencelesstravel.com\/wp-content\/uploads\/2022\/08\/A7409345-1024x1536.jpg 1024w, https:\/\/fencelesstravel.com\/wp-content\/uploads\/2022\/08\/A7409345-1365x2048.jpg 1365w, https:\/\/fencelesstravel.com\/wp-content\/uploads\/2022\/08\/A7409345-scaled.jpg 1707w\" sizes=\"(max-width: 200px) 100vw, 200px\" \/><\/a><\/p>\n<p><a href=\"https:\/\/fencelesstravel.com\/wp-content\/uploads\/2022\/08\/A7409332-scaled.jpg\"><img decoding=\"async\" class=\"alignnone size-medium wp-image-5983\" src=\"https:\/\/fencelesstravel.com\/wp-content\/uploads\/2022\/08\/A7409332-200x300.jpg\" alt=\"\" width=\"200\" height=\"300\" srcset=\"https:\/\/fencelesstravel.com\/wp-content\/uploads\/2022\/08\/A7409332-200x300.jpg 200w, https:\/\/fencelesstravel.com\/wp-content\/uploads\/2022\/08\/A7409332-scaled-400x600.jpg 400w, https:\/\/fencelesstravel.com\/wp-content\/uploads\/2022\/08\/A7409332-683x1024.jpg 683w, https:\/\/fencelesstravel.com\/wp-content\/uploads\/2022\/08\/A7409332-768x1152.jpg 768w, https:\/\/fencelesstravel.com\/wp-content\/uploads\/2022\/08\/A7409332-1024x1536.jpg 1024w, https:\/\/fencelesstravel.com\/wp-content\/uploads\/2022\/08\/A7409332-1365x2048.jpg 1365w, https:\/\/fencelesstravel.com\/wp-content\/uploads\/2022\/08\/A7409332-1320x1980.jpg 1320w, https:\/\/fencelesstravel.com\/wp-content\/uploads\/2022\/08\/A7409332-scaled.jpg 1707w\" sizes=\"(max-width: 200px) 100vw, 200px\" \/><\/a><\/p>\n<p>Sac compressible sans cl\u00f4ture \u2013 Tout ce dont vous avez besoin pendant votre voyage dans 50% moins d&#039;espace dans votre sac !<\/p>\n<p>L&#039;essentiel du voyage | Si vous n&#039;avez jamais utilis\u00e9 de sac pliable lors d&#039;un voyage en sac \u00e0 dos, vous manquez clairement de place. Notre sac pliable de 15 litres augmente l&#039;espace de votre sac et votre confort ! Vos t-shirts et vos sous-v\u00eatements se compressent pour laisser place \u00e0 votre masque de plong\u00e9e et \u00e0 votre drone peut-\u00eatre ?<\/p>\n<p>L\u00e9ger et solide, il est donc facile \u00e0 ranger. Un excellent moyen de garder les sacs de couchage et les doudounes bien rang\u00e9s et compress\u00e9s pour les voyages o\u00f9 de gros sacs \u00e0 dos sont impliqu\u00e9s.<\/p>\n<p>Taille: 15L<\/p>","protected":false},"excerpt":{"rendered":"<p>L\u00e9ger et solide, vous pouvez donc le ranger facilement.<\/p>\n<p>Un excellent moyen de garder les sacs de couchage et les vestes bouffantes bien rang\u00e9s et compress\u00e9s pour les voyages o\u00f9 de gros sacs \u00e0 dos sont impliqu\u00e9s.<\/p>\n<p>Comme \u00e7a, vous avez \u00e9conomis\u00e9 50% d&#039;espace dans votre sac.<\/p>","protected":false},"featured_media":6022,"comment_status":"open","ping_status":"closed","template":"","meta":{"_acf_changed":false,"yasr_overall_rating":4.8,"yasr_post_is_review":"","yasr_auto_insert_disabled":"","yasr_review_type":""},"product_brand":[],"product_cat":[389,309],"product_tag":[],"class_list":{"0":"post-5572","1":"product","2":"type-product","3":"status-publish","4":"has-post-thumbnail","6":"product_cat-accessories","7":"product_cat-equipment","9":"first","10":"instock","11":"sale","12":"shipping-taxable","13":"purchasable","14":"product-type-simple"},"acf":[],"yasr_visitor_votes":{"stars_attributes":{"read_only":false,"span_bottom":false},"number_of_votes":0,"sum_votes":0},"_links":{"self":[{"href":"https:\/\/fencelesstravel.com\/fr\/wp-json\/wp\/v2\/product\/5572","targetHints":{"allow":["GET"]}}],"collection":[{"href":"https:\/\/fencelesstravel.com\/fr\/wp-json\/wp\/v2\/product"}],"about":[{"href":"https:\/\/fencelesstravel.com\/fr\/wp-json\/wp\/v2\/types\/product"}],"replies":[{"embeddable":true,"href":"https:\/\/fencelesstravel.com\/fr\/wp-json\/wp\/v2\/comments?post=5572"}],"wp:featuredmedia":[{"embeddable":true,"href":"https:\/\/fencelesstravel.com\/fr\/wp-json\/wp\/v2\/media\/6022"}],"wp:attachment":[{"href":"https:\/\/fencelesstravel.com\/fr\/wp-json\/wp\/v2\/media?parent=5572"}],"wp:term":[{"taxonomy":"product_brand","embeddable":true,"href":"https:\/\/fencelesstravel.com\/fr\/wp-json\/wp\/v2\/product_brand?post=5572"},{"taxonomy":"product_cat","embeddable":true,"href":"https:\/\/fencelesstravel.com\/fr\/wp-json\/wp\/v2\/product_cat?post=5572"},{"taxonomy":"product_tag","embeddable":true,"href":"https:\/\/fencelesstravel.com\/fr\/wp-json\/wp\/v2\/product_tag?post=5572"}],"curies":[{"name":"wp","href":"https:\/\/api.w.org\/{rel}","templated":true}]}}