{"id":5566,"date":"2022-08-11T20:20:39","date_gmt":"2022-08-11T20:20:39","guid":{"rendered":"https:\/\/fencelesstrav.wpenginepowered.com\/product\/hoodie-with-logo\/"},"modified":"2026-03-05T16:41:25","modified_gmt":"2026-03-05T16:41:25","slug":"waterproof-travel-backpack","status":"publish","type":"product","link":"https:\/\/fencelesstravel.com\/fr\/produit\/waterproof-travel-backpack\/","title":{"rendered":"Sac \u00e0 dos \u00e9tanche"},"content":{"rendered":"<p><a href=\"https:\/\/fencelesstravel.com\/wp-content\/uploads\/2022\/08\/A7409259-scaled.jpg\"><img fetchpriority=\"high\" decoding=\"async\" class=\"alignnone size-medium wp-image-5974\" src=\"https:\/\/fencelesstravel.com\/wp-content\/uploads\/2022\/08\/A7409259-300x200.jpg\" alt=\"Fenceless Travel dry bag\" width=\"300\" height=\"200\" srcset=\"https:\/\/fencelesstravel.com\/wp-content\/uploads\/2022\/08\/A7409259-300x200.jpg 300w, https:\/\/fencelesstravel.com\/wp-content\/uploads\/2022\/08\/A7409259-scaled-400x267.jpg 400w, https:\/\/fencelesstravel.com\/wp-content\/uploads\/2022\/08\/A7409259-1024x683.jpg 1024w, https:\/\/fencelesstravel.com\/wp-content\/uploads\/2022\/08\/A7409259-768x512.jpg 768w, https:\/\/fencelesstravel.com\/wp-content\/uploads\/2022\/08\/A7409259-1536x1024.jpg 1536w, https:\/\/fencelesstravel.com\/wp-content\/uploads\/2022\/08\/A7409259-2048x1365.jpg 2048w, https:\/\/fencelesstravel.com\/wp-content\/uploads\/2022\/08\/A7409259-1320x880.jpg 1320w\" sizes=\"(max-width: 300px) 100vw, 300px\" \/><\/a> <a href=\"https:\/\/fencelesstravel.com\/wp-content\/uploads\/2022\/08\/A7409260-scaled.jpg\"><img decoding=\"async\" class=\"alignnone size-medium wp-image-5973\" src=\"https:\/\/fencelesstravel.com\/wp-content\/uploads\/2022\/08\/A7409260-200x300.jpg\" alt=\"Fenceless Travel backpack\" width=\"200\" height=\"300\" srcset=\"https:\/\/fencelesstravel.com\/wp-content\/uploads\/2022\/08\/A7409260-200x300.jpg 200w, https:\/\/fencelesstravel.com\/wp-content\/uploads\/2022\/08\/A7409260-scaled-400x600.jpg 400w, https:\/\/fencelesstravel.com\/wp-content\/uploads\/2022\/08\/A7409260-683x1024.jpg 683w, https:\/\/fencelesstravel.com\/wp-content\/uploads\/2022\/08\/A7409260-768x1152.jpg 768w, https:\/\/fencelesstravel.com\/wp-content\/uploads\/2022\/08\/A7409260-1024x1536.jpg 1024w, https:\/\/fencelesstravel.com\/wp-content\/uploads\/2022\/08\/A7409260-1365x2048.jpg 1365w, https:\/\/fencelesstravel.com\/wp-content\/uploads\/2022\/08\/A7409260-1320x1980.jpg 1320w, https:\/\/fencelesstravel.com\/wp-content\/uploads\/2022\/08\/A7409260-scaled.jpg 1707w\" sizes=\"(max-width: 200px) 100vw, 200px\" \/><\/a> <a href=\"https:\/\/fencelesstravel.com\/wp-content\/uploads\/2022\/08\/A7409276-scaled.jpg\"><img decoding=\"async\" class=\"alignnone size-medium wp-image-5966\" src=\"https:\/\/fencelesstravel.com\/wp-content\/uploads\/2022\/08\/A7409276-300x200.jpg\" alt=\"Travel equipement\" width=\"300\" height=\"200\" srcset=\"https:\/\/fencelesstravel.com\/wp-content\/uploads\/2022\/08\/A7409276-300x200.jpg 300w, https:\/\/fencelesstravel.com\/wp-content\/uploads\/2022\/08\/A7409276-scaled-400x267.jpg 400w, https:\/\/fencelesstravel.com\/wp-content\/uploads\/2022\/08\/A7409276-1024x683.jpg 1024w, https:\/\/fencelesstravel.com\/wp-content\/uploads\/2022\/08\/A7409276-768x512.jpg 768w, https:\/\/fencelesstravel.com\/wp-content\/uploads\/2022\/08\/A7409276-1536x1024.jpg 1536w, https:\/\/fencelesstravel.com\/wp-content\/uploads\/2022\/08\/A7409276-2048x1365.jpg 2048w, https:\/\/fencelesstravel.com\/wp-content\/uploads\/2022\/08\/A7409276-1320x880.jpg 1320w\" sizes=\"(max-width: 300px) 100vw, 300px\" \/><\/a><\/p>\n<p>Sac \u00e9tanche : simple, l\u00e9ger et sec<\/p>\n<p>Les plus belles excursions d&#039;une journ\u00e9e se terminent avec vos affaires bien s\u00e8ches. Un sac \u00e0 dos \u00e9tanche de 18 litres avec bretelles pour vos aventures quotidiennes<\/p>","protected":false},"excerpt":{"rendered":"<p><a href=\"https:\/\/fencelesstravel.com\/wp-content\/uploads\/2022\/08\/waterproof-fenceless-travel-bag.jpeg\"><img loading=\"lazy\" decoding=\"async\" class=\"alignnone size-medium wp-image-5567\" src=\"https:\/\/fencelesstravel.com\/wp-content\/uploads\/2022\/08\/waterproof-fenceless-travel-bag-300x300.jpeg\" alt=\"waterproof backpack\" width=\"300\" height=\"300\" srcset=\"https:\/\/fencelesstravel.com\/wp-content\/uploads\/2022\/08\/waterproof-fenceless-travel-bag-300x300.jpeg 300w, https:\/\/fencelesstravel.com\/wp-content\/uploads\/2022\/08\/waterproof-fenceless-travel-bag-200x200.jpeg 200w, https:\/\/fencelesstravel.com\/wp-content\/uploads\/2022\/08\/waterproof-fenceless-travel-bag-100x100.jpeg 100w, https:\/\/fencelesstravel.com\/wp-content\/uploads\/2022\/08\/waterproof-fenceless-travel-bag-400x400.jpeg 400w, https:\/\/fencelesstravel.com\/wp-content\/uploads\/2022\/08\/waterproof-fenceless-travel-bag-150x150.jpeg 150w, https:\/\/fencelesstravel.com\/wp-content\/uploads\/2022\/08\/waterproof-fenceless-travel-bag-768x768.jpeg 768w, https:\/\/fencelesstravel.com\/wp-content\/uploads\/2022\/08\/waterproof-fenceless-travel-bag-700x700.jpeg 700w, https:\/\/fencelesstravel.com\/wp-content\/uploads\/2022\/08\/waterproof-fenceless-travel-bag.jpeg 1000w\" sizes=\"(max-width: 300px) 100vw, 300px\" \/><\/a> <a href=\"https:\/\/fencelesstravel.com\/wp-content\/uploads\/2022\/08\/waterproof-fenceless-bag.jpeg\"><img loading=\"lazy\" decoding=\"async\" class=\"alignnone size-medium wp-image-5568\" src=\"https:\/\/fencelesstravel.com\/wp-content\/uploads\/2022\/08\/waterproof-fenceless-bag-300x300.jpeg\" alt=\"fenceless travel waterproof backpack\" width=\"300\" height=\"300\" srcset=\"https:\/\/fencelesstravel.com\/wp-content\/uploads\/2022\/08\/waterproof-fenceless-bag-300x300.jpeg 300w, https:\/\/fencelesstravel.com\/wp-content\/uploads\/2022\/08\/waterproof-fenceless-bag-200x200.jpeg 200w, https:\/\/fencelesstravel.com\/wp-content\/uploads\/2022\/08\/waterproof-fenceless-bag-100x100.jpeg 100w, https:\/\/fencelesstravel.com\/wp-content\/uploads\/2022\/08\/waterproof-fenceless-bag-400x400.jpeg 400w, https:\/\/fencelesstravel.com\/wp-content\/uploads\/2022\/08\/waterproof-fenceless-bag-150x150.jpeg 150w, https:\/\/fencelesstravel.com\/wp-content\/uploads\/2022\/08\/waterproof-fenceless-bag-768x768.jpeg 768w, https:\/\/fencelesstravel.com\/wp-content\/uploads\/2022\/08\/waterproof-fenceless-bag-700x700.jpeg 700w, https:\/\/fencelesstravel.com\/wp-content\/uploads\/2022\/08\/waterproof-fenceless-bag.jpeg 1000w\" sizes=\"(max-width: 300px) 100vw, 300px\" \/><\/a><\/p>\n<p>Sac \u00e9tanche sans cl\u00f4ture<\/p>\n<p>\u2013 Les meilleures excursions d\u2019une journ\u00e9e commencent avec du mat\u00e9riel sec<\/p>\n<p>Un sac \u00e9tanche l\u00e9ger 100% avec bretelles de 16 litres pour vos aventures de jour ! Partez \u00e0 la d\u00e9couverte chaque jour en toute tranquillit\u00e9 avec le sac \u00e9tanche Fenceless.<\/p>\n<p>Disponible en 4 couleurs diff\u00e9rentes !<\/p>\n<p>Id\u00e9al pour : Excursions d&#039;une journ\u00e9e, Sports nautiques, Camping et randonn\u00e9e, Cyclotourisme et bikepacking.<\/p>\n<p>Fermeture : Enroulable et clip<\/p>\n<p>Mat\u00e9riau : nylon 420d, tissu enduit imperm\u00e9able TPU<\/p>\n<p>Taille: 18L<\/p>\n<p>&nbsp;<\/p>\n<p>&nbsp;<\/p>","protected":false},"featured_media":5963,"comment_status":"open","ping_status":"closed","template":"","meta":{"_acf_changed":false,"yasr_overall_rating":5,"yasr_post_is_review":"","yasr_auto_insert_disabled":"","yasr_review_type":""},"product_brand":[],"product_cat":[389,309],"product_tag":[],"class_list":{"0":"post-5566","1":"product","2":"type-product","3":"status-publish","4":"has-post-thumbnail","6":"product_cat-accessories","7":"product_cat-equipment","8":"pa_color-blue","9":"pa_color-black","10":"pa_color-grey","11":"pa_color-yellow","13":"first","14":"instock","15":"shipping-taxable","16":"purchasable","17":"product-type-variable"},"acf":[],"yasr_visitor_votes":{"stars_attributes":{"read_only":false,"span_bottom":false},"number_of_votes":0,"sum_votes":0},"_links":{"self":[{"href":"https:\/\/fencelesstravel.com\/fr\/wp-json\/wp\/v2\/product\/5566","targetHints":{"allow":["GET"]}}],"collection":[{"href":"https:\/\/fencelesstravel.com\/fr\/wp-json\/wp\/v2\/product"}],"about":[{"href":"https:\/\/fencelesstravel.com\/fr\/wp-json\/wp\/v2\/types\/product"}],"replies":[{"embeddable":true,"href":"https:\/\/fencelesstravel.com\/fr\/wp-json\/wp\/v2\/comments?post=5566"}],"wp:featuredmedia":[{"embeddable":true,"href":"https:\/\/fencelesstravel.com\/fr\/wp-json\/wp\/v2\/media\/5963"}],"wp:attachment":[{"href":"https:\/\/fencelesstravel.com\/fr\/wp-json\/wp\/v2\/media?parent=5566"}],"wp:term":[{"taxonomy":"product_brand","embeddable":true,"href":"https:\/\/fencelesstravel.com\/fr\/wp-json\/wp\/v2\/product_brand?post=5566"},{"taxonomy":"product_cat","embeddable":true,"href":"https:\/\/fencelesstravel.com\/fr\/wp-json\/wp\/v2\/product_cat?post=5566"},{"taxonomy":"product_tag","embeddable":true,"href":"https:\/\/fencelesstravel.com\/fr\/wp-json\/wp\/v2\/product_tag?post=5566"}],"curies":[{"name":"wp","href":"https:\/\/api.w.org\/{rel}","templated":true}]}}