{"id":7524,"date":"2024-05-22T19:40:31","date_gmt":"2024-05-22T19:40:31","guid":{"rendered":"https:\/\/fencelesstravel.com\/?page_id=7524"},"modified":"2024-05-22T19:50:46","modified_gmt":"2024-05-22T19:50:46","slug":"shipping-policy","status":"publish","type":"page","link":"https:\/\/fencelesstravel.com\/fr\/shipping-policy\/","title":{"rendered":"Politique d&#039;exp\u00e9dition"},"content":{"rendered":"<div data-elementor-type=\"wp-page\" data-elementor-id=\"7524\" class=\"elementor elementor-7524\" data-elementor-post-type=\"page\">\n\t\t\t\t\t\t<section class=\"elementor-section elementor-top-section elementor-element elementor-element-273ea50 elementor-section-boxed elementor-section-height-default elementor-section-height-default\" data-id=\"273ea50\" data-element_type=\"section\" data-settings=\"{&quot;background_background&quot;:&quot;classic&quot;}\">\n\t\t\t\t\t\t<div class=\"elementor-container elementor-column-gap-default\">\n\t\t\t\t\t<div class=\"elementor-column elementor-col-100 elementor-top-column elementor-element elementor-element-31d0a77\" data-id=\"31d0a77\" data-element_type=\"column\">\n\t\t\t<div class=\"elementor-widget-wrap elementor-element-populated\">\n\t\t\t\t\t\t<div class=\"elementor-element elementor-element-ca5a21b elementor-widget elementor-widget-spacer\" data-id=\"ca5a21b\" data-element_type=\"widget\" data-widget_type=\"spacer.default\">\n\t\t\t\t<div class=\"elementor-widget-container\">\n\t\t\t\t\t\t\t<div class=\"elementor-spacer\">\n\t\t\t<div class=\"elementor-spacer-inner\"><\/div>\n\t\t<\/div>\n\t\t\t\t\t\t<\/div>\n\t\t\t\t<\/div>\n\t\t\t\t\t<\/div>\n\t\t<\/div>\n\t\t\t\t\t<\/div>\n\t\t<\/section>\n\t\t\t\t<section class=\"elementor-section elementor-top-section elementor-element elementor-element-f75552a elementor-section-boxed elementor-section-height-default elementor-section-height-default\" data-id=\"f75552a\" data-element_type=\"section\">\n\t\t\t\t\t\t<div class=\"elementor-container elementor-column-gap-default\">\n\t\t\t\t\t<div class=\"elementor-column elementor-col-100 elementor-top-column elementor-element elementor-element-a82a5c1\" data-id=\"a82a5c1\" data-element_type=\"column\">\n\t\t\t<div class=\"elementor-widget-wrap elementor-element-populated\">\n\t\t\t\t\t\t<div class=\"elementor-element elementor-element-5f4b5b7 elementor-widget elementor-widget-heading\" data-id=\"5f4b5b7\" data-element_type=\"widget\" data-widget_type=\"heading.default\">\n\t\t\t\t<div class=\"elementor-widget-container\">\n\t\t\t\t\t<h2 class=\"elementor-heading-title elementor-size-default\">Politique d&#039;exp\u00e9dition<\/h2>\t\t\t\t<\/div>\n\t\t\t\t<\/div>\n\t\t\t\t\t<\/div>\n\t\t<\/div>\n\t\t\t\t\t<\/div>\n\t\t<\/section>\n\t\t\t\t<section class=\"elementor-section elementor-top-section elementor-element elementor-element-e70cd1c elementor-section-boxed elementor-section-height-default elementor-section-height-default\" data-id=\"e70cd1c\" data-element_type=\"section\">\n\t\t\t\t\t\t<div class=\"elementor-container elementor-column-gap-default\">\n\t\t\t\t\t<div class=\"elementor-column elementor-col-100 elementor-top-column elementor-element elementor-element-dd505b1\" data-id=\"dd505b1\" data-element_type=\"column\">\n\t\t\t<div class=\"elementor-widget-wrap elementor-element-populated\">\n\t\t\t\t\t\t<div class=\"elementor-element elementor-element-8abc599 elementor-widget elementor-widget-text-editor\" data-id=\"8abc599\" data-element_type=\"widget\" data-widget_type=\"text-editor.default\">\n\t\t\t\t<div class=\"elementor-widget-container\">\n\t\t\t\t\t\t\t\t\t<div class=\"flex flex-grow flex-col max-w-full\"><div class=\"min-h-[20px] text-message flex flex-col items-start whitespace-pre-wrap break-words [.text-message+&amp;]:mt-5 juice:w-full juice:items-end overflow-x-auto gap-2\" dir=\"auto\" data-message-author-role=\"assistant\" data-message-id=\"4b80955b-a978-4bd1-8383-de18d973f7c5\"><div class=\"flex w-full flex-col gap-1 juice:empty:hidden juice:first:pt-[3px]\"><div class=\"markdown prose w-full break-words dark:prose-invert light\"><p>Votre commande sera trait\u00e9e dans un d\u00e9lai de 1 \u00e0 7 jours ouvrables apr\u00e8s l&#039;achat.<\/p><p>Une fois votre commande exp\u00e9di\u00e9e, vous recevrez un e-mail contenant les informations de suivi et de livraison. Une fois votre commande remise au transporteur, le d\u00e9lai de livraison varie de 3 \u00e0 10 jours ouvrables, selon le transporteur.<\/p><p>Les frais d&#039;exp\u00e9dition sont calcul\u00e9s \u00e0 la caisse, en fonction de la taille du colis et de la destination.<\/p><p>Commandes de $80 et plus (avant taxes) : livraison gratuite !<\/p><p>Aucune option n&#039;est officiellement disponible pour les demandes provenant de l&#039;ext\u00e9rieur du Canada. Veuillez nous contacter pour trouver une solution de contournement.<\/p><p>Le paiement des droits de douane et taxes pour les commandes internationales est \u00e0 la charge de l&#039;acheteur.<\/p><p>Les achats internationaux ne sont actuellement pas disponibles.<\/p><p>Veuillez noter que nous ne sommes pas responsables des articles vol\u00e9s, perdus ou endommag\u00e9s, mais contactez-nous au <a target=\"_new\" rel=\"noreferrer\">info@fencelesstravel.com<\/a> si cela se produit, nous verrons ce que nous pouvons faire pour r\u00e9soudre la situation avec vous.<\/p><\/div><\/div><\/div><\/div>\t\t\t\t\t\t\t\t<\/div>\n\t\t\t\t<\/div>\n\t\t\t\t\t<\/div>\n\t\t<\/div>\n\t\t\t\t\t<\/div>\n\t\t<\/section>\n\t\t\t\t<\/div>","protected":false},"excerpt":{"rendered":"<p>Politique de livraison\u00a0: Votre commande sera trait\u00e9e sous 1 \u00e0 7\u00a0jours ouvr\u00e9s apr\u00e8s l\u2019achat. Une fois votre commande exp\u00e9di\u00e9e, vous recevrez un e-mail contenant les informations de suivi et de livraison. Une fois votre commande remise au transporteur, le d\u00e9lai de livraison varie de 3 \u00e0 10\u00a0jours ouvr\u00e9s, selon le transporteur. [\u2026]<\/p>","protected":false},"author":68,"featured_media":0,"parent":0,"menu_order":0,"comment_status":"closed","ping_status":"closed","template":"elementor_header_footer","meta":{"_acf_changed":false,"yasr_overall_rating":0,"yasr_post_is_review":"","yasr_auto_insert_disabled":"","yasr_review_type":"","footnotes":""},"class_list":["post-7524","page","type-page","status-publish","hentry"],"acf":[],"yasr_visitor_votes":{"stars_attributes":{"read_only":false,"span_bottom":false},"number_of_votes":0,"sum_votes":0},"_links":{"self":[{"href":"https:\/\/fencelesstravel.com\/fr\/wp-json\/wp\/v2\/pages\/7524","targetHints":{"allow":["GET"]}}],"collection":[{"href":"https:\/\/fencelesstravel.com\/fr\/wp-json\/wp\/v2\/pages"}],"about":[{"href":"https:\/\/fencelesstravel.com\/fr\/wp-json\/wp\/v2\/types\/page"}],"author":[{"embeddable":true,"href":"https:\/\/fencelesstravel.com\/fr\/wp-json\/wp\/v2\/users\/68"}],"replies":[{"embeddable":true,"href":"https:\/\/fencelesstravel.com\/fr\/wp-json\/wp\/v2\/comments?post=7524"}],"version-history":[{"count":0,"href":"https:\/\/fencelesstravel.com\/fr\/wp-json\/wp\/v2\/pages\/7524\/revisions"}],"wp:attachment":[{"href":"https:\/\/fencelesstravel.com\/fr\/wp-json\/wp\/v2\/media?parent=7524"}],"curies":[{"name":"wp","href":"https:\/\/api.w.org\/{rel}","templated":true}]}}