{"id":6270,"date":"2023-07-11T18:18:05","date_gmt":"2023-07-11T18:18:05","guid":{"rendered":"https:\/\/fencelesstrav.wpenginepowered.com\/?page_id=6270"},"modified":"2024-05-23T19:40:31","modified_gmt":"2024-05-23T19:40:31","slug":"privacy-policy","status":"publish","type":"page","link":"https:\/\/fencelesstravel.com\/fr\/privacy-policy\/","title":{"rendered":"Politique de confidentialit\u00e9"},"content":{"rendered":"<div data-elementor-type=\"wp-page\" data-elementor-id=\"6270\" class=\"elementor elementor-6270\" data-elementor-post-type=\"page\">\n\t\t\t\t\t\t<section class=\"elementor-section elementor-top-section elementor-element elementor-element-fd92f9d elementor-section-boxed elementor-section-height-default elementor-section-height-default\" data-id=\"fd92f9d\" data-element_type=\"section\" data-settings=\"{&quot;background_background&quot;:&quot;classic&quot;}\">\n\t\t\t\t\t\t<div class=\"elementor-container elementor-column-gap-default\">\n\t\t\t\t\t<div class=\"elementor-column elementor-col-100 elementor-top-column elementor-element elementor-element-57c1f02\" data-id=\"57c1f02\" data-element_type=\"column\">\n\t\t\t<div class=\"elementor-widget-wrap elementor-element-populated\">\n\t\t\t\t\t\t<div class=\"elementor-element elementor-element-f2886ab elementor-widget elementor-widget-spacer\" data-id=\"f2886ab\" data-element_type=\"widget\" data-widget_type=\"spacer.default\">\n\t\t\t\t<div class=\"elementor-widget-container\">\n\t\t\t\t\t\t\t<div class=\"elementor-spacer\">\n\t\t\t<div class=\"elementor-spacer-inner\"><\/div>\n\t\t<\/div>\n\t\t\t\t\t\t<\/div>\n\t\t\t\t<\/div>\n\t\t\t\t\t<\/div>\n\t\t<\/div>\n\t\t\t\t\t<\/div>\n\t\t<\/section>\n\t\t\t\t<section class=\"elementor-section elementor-top-section elementor-element elementor-element-e8dabf4 elementor-section-boxed elementor-section-height-default elementor-section-height-default\" data-id=\"e8dabf4\" data-element_type=\"section\">\n\t\t\t\t\t\t<div class=\"elementor-container elementor-column-gap-default\">\n\t\t\t\t\t<div class=\"elementor-column elementor-col-100 elementor-top-column elementor-element elementor-element-795b6e5\" data-id=\"795b6e5\" data-element_type=\"column\">\n\t\t\t<div class=\"elementor-widget-wrap elementor-element-populated\">\n\t\t\t\t\t\t<div class=\"elementor-element elementor-element-5f1f4f9 elementor-widget elementor-widget-heading\" data-id=\"5f1f4f9\" data-element_type=\"widget\" data-widget_type=\"heading.default\">\n\t\t\t\t<div class=\"elementor-widget-container\">\n\t\t\t\t\t<h2 class=\"elementor-heading-title elementor-size-default\">POLITIQUE DE CONFIDENTIALIT\u00c9<\/h2>\t\t\t\t<\/div>\n\t\t\t\t<\/div>\n\t\t\t\t\t<\/div>\n\t\t<\/div>\n\t\t\t\t\t<\/div>\n\t\t<\/section>\n\t\t\t\t<section class=\"elementor-section elementor-top-section elementor-element elementor-element-fc8643d elementor-section-boxed elementor-section-height-default elementor-section-height-default\" data-id=\"fc8643d\" data-element_type=\"section\">\n\t\t\t\t\t\t<div class=\"elementor-container elementor-column-gap-default\">\n\t\t\t\t\t<div class=\"elementor-column elementor-col-100 elementor-top-column elementor-element elementor-element-8e582c7\" data-id=\"8e582c7\" data-element_type=\"column\">\n\t\t\t<div class=\"elementor-widget-wrap elementor-element-populated\">\n\t\t\t\t\t\t<div class=\"elementor-element elementor-element-01259ae elementor-widget elementor-widget-text-editor\" data-id=\"01259ae\" data-element_type=\"widget\" data-widget_type=\"text-editor.default\">\n\t\t\t\t<div class=\"elementor-widget-container\">\n\t\t\t\t\t\t\t\t\t<p>\n<br><span>Derni\u00e8re mise \u00e0 jour le 23 mai 2024<\/span><br>\n<br><span>Date d&#039;entr\u00e9e en vigueur : 01-ao\u00fbt-2023<\/span><br>\n\n<\/p><p><br><br><\/p>\n<p class=\"privacy-policy-p\">\n    Cette politique de confidentialit\u00e9 d\u00e9crit les politiques de<\/p>\n<p>    Voyage sans barri\u00e8res,<br>\n    1574 rue du Chanoine Dupr\u00e9, L&#039;ancienne-Lorette,<br>\n    CQ<br>\n    G2E 6K4,<br>\n    Canada,<br>\n    courriel : samuel.plante03@gmail.com,<br>\n    t\u00e9l\u00e9phone: 367-380-8426<\/p>\n<p>    sur la collection,<br>\n    utilisation et divulgation de vos informations que nous collectons<br>\n    lorsque vous utilisez notre site Web ( www.fencelesstravel.com ).<br>\n    (le \u00ab Service \u00bb). En acc\u00e9dant ou en utilisant<br>\n    le<br>\n    Service, vous consentez \u00e0 la collecte, \u00e0 l&#039;utilisation et<br>\n    divulgation de vos informations conform\u00e9ment \u00e0 la pr\u00e9sente<br>\n    Politique de confidentialit\u00e9. Si vous n&#039;y consentez pas,<br>\n    veuillez ne pas acc\u00e9der ni utiliser le Service.\n<\/p>\n<p class=\"privacy-policy-p\">\n    Nous pouvons modifier cette politique de confidentialit\u00e9 \u00e0 tout moment sans<br>\n    tout avis pr\u00e9alable \u00e0 vous et publiera la version r\u00e9vis\u00e9e<br>\n    Politique de confidentialit\u00e9 sur le service. La politique r\u00e9vis\u00e9e<br>\n    \u00eatre en vigueur 180 jours \u00e0 compter de la date de<br>\n    La politique r\u00e9vis\u00e9e est publi\u00e9e dans le Service et votre<br>\n    l&#039;acc\u00e8s continu ou l&#039;utilisation du Service apr\u00e8s cette p\u00e9riode<br>\n    constituera votre acceptation de la politique de confidentialit\u00e9 r\u00e9vis\u00e9e<br>\n    Politique. Nous vous recommandons donc de consulter p\u00e9riodiquement<br>\n    revoir cette page.\n<\/p>\n<ol class=\"privacy-policy-ol\">\n<li>\n<h2 class=\"privacy-policy-h2\">\n            Informations que nous collectons :<br>\n        <\/h2>\n<p class=\"privacy-policy-p\">\n            Nous collecterons et traiterons les informations suivantes<br>\n            informations personnelles vous concernant :\n        <\/p>\n<ol class=\"privacy-policy-ol\">\n<li>Nom<\/li>\n<li>E-mail<\/li>\n<\/ol>\n<\/li>\n<li>\n<h2 class=\"privacy-policy-h2\">\n            Comment nous utilisons vos informations :<br>\n        <\/h2>\n<p class=\"privacy-policy-p\">\n            Nous utiliserons les informations que nous collectons<br>\n            \u00e0 votre sujet aux fins suivantes :\n        <\/p>\n<ol class=\"privacy-policy-ol\">\n<li>Marketing\/Promotionnel<\/li>\n<li>Cr\u00e9ation d&#039;un compte utilisateur<\/li>\n<li>T\u00e9moignages<\/li>\n<li>Recueil de commentaires clients<\/li>\n<li>Appliquer les CGU<\/li>\n<li>Traitement des paiements<\/li>\n<li>Soutien<\/li>\n<li>Informations administratives<\/li>\n<li>Publicit\u00e9 cibl\u00e9e<\/li>\n<li>G\u00e9rer la commande client<\/li>\n<li>Protection du site<\/li>\n<li>Commentaires d&#039;utilisateur \u00e0 utilisateur<\/li>\n<li>R\u00e9solution des litiges<\/li>\n<li>G\u00e9rer le compte utilisateur<\/li>\n<\/ol>\n<p class=\"privacy-policy-p\">\n            Si nous souhaitons utiliser vos informations \u00e0 d&#039;autres fins<br>\n            objectif, nous vous demanderons votre consentement et<br>\n            utiliser vos informations uniquement apr\u00e8s r\u00e9ception de votre<br>\n            consentement et ensuite, uniquement pour les finalit\u00e9s pour lesquelles<br>\n            qui accordent leur consentement \u00e0 moins que nous ne soyons oblig\u00e9s de le faire<br>\n            autrement, conform\u00e9ment \u00e0 la loi.\n        <\/p>\n<\/li>\n<li>\n<h2 class=\"privacy-policy-h2\">\n            Conservation de vos informations :<br>\n        <\/h2>\n<p class=\"privacy-policy-p\">\n            Nous conserverons vos informations personnelles avec nous<br>\n            pour<br>\n                        90 jours \u00e0 2 ans apr\u00e8s la r\u00e9siliation du compte par l&#039;utilisateur<br>\n                        ou pour comme<br>\n            aussi longtemps que nous en aurons besoin pour atteindre les objectifs<br>\n            qui a \u00e9t\u00e9 collect\u00e9 comme d\u00e9taill\u00e9 dans ce<br>\n            Politique de confidentialit\u00e9. Nous pouvons avoir besoin de conserver certaines<br>\n            informations pour des p\u00e9riodes plus longues telles que<br>\n            tenue de registres \/ rapports conform\u00e9ment \u00e0<br>\n            loi applicable ou pour d&#039;autres raisons l\u00e9gitimes<br>\n            comme l&#039;application des droits l\u00e9gaux, la fraude<br>\n            pr\u00e9vention, etc. Informations anonymes r\u00e9siduelles<br>\n            et des informations agr\u00e9g\u00e9es, dont aucune n&#039;est<br>\n            vous identifie (directement ou indirectement), peut \u00eatre<br>\n            stock\u00e9 ind\u00e9finiment.\n        <\/p>\n<\/li>\n<li>\n<h2 class=\"privacy-policy-h2\">\n            Vos droits :<br>\n        <\/h2>\n<p class=\"privacy-policy-p\">\n            Selon la loi applicable, vous pourriez avoir<br>\n            un droit d\u2019acc\u00e8s et de rectification ou d\u2019effacement de vos<br>\n            donn\u00e9es personnelles ou recevoir une copie de vos donn\u00e9es personnelles<br>\n            donn\u00e9es, restreindre ou s&#039;opposer \u00e0 l&#039;activit\u00e9<br>\n            traitement de vos donn\u00e9es, demandez-nous de les partager (port)<br>\n            vos informations personnelles \u00e0 une autre entit\u00e9,<br>\n            retirer tout consentement que vous nous avez fourni pour<br>\n            traiter vos donn\u00e9es, un droit de d\u00e9poser une plainte<br>\n            avec une autorit\u00e9 statutaire et d&#039;autres droits<br>\n            comme cela peut \u00eatre pertinent en vertu des lois applicables.<br>\n            exercer ces droits, vous pouvez nous \u00e9crire \u00e0<br>\n            samuel.plante03@gmail.com.<br>\n            Nous r\u00e9pondrons \u00e0 votre<br>\n            demande conform\u00e9ment \u00e0 la loi applicable.\n        <\/p>\n<p class=\"privacy-policy-p\">\n            Vous pouvez refuser le marketing direct<br>\n            communications ou le profilage que nous effectuons pour<br>\n            \u00e0 des fins de marketing en nous \u00e9crivant \u00e0<br>\n            samuel.plante03@gmail.com.\n        <\/p>\n<p class=\"privacy-policy-p\">\n            Veuillez noter que si vous ne nous autorisez pas \u00e0 collecter<br>\n            ou traiter les informations personnelles requises ou<br>\n            retirer le consentement au traitement des m\u00eames pour le<br>\n            fins requises, vous ne pourrez peut-\u00eatre pas acc\u00e9der<br>\n            ou utiliser les services pour lesquels vos informations<br>\n            a \u00e9t\u00e9 recherch\u00e9.\n        <\/p>\n<\/li>\n<li>\n<h2 class=\"privacy-policy-h2\">\n            Biscuits etc.<br>\n        <\/h2>\n<p class=\"privacy-policy-p\">\n<\/p><p>            Pour en savoir plus sur la fa\u00e7on dont nous les utilisons<br>\n            et vos choix par rapport \u00e0 ces suivis<br>\n            technologies, veuillez vous r\u00e9f\u00e9rer \u00e0 notre<br><a href=\"https:\/\/fencelesstravel.com\/fr\/cookies\/\" target=\"_blank\">Politique relative aux cookies.<\/a><br><\/p>\n<\/li>\n<li>\n<h2 class=\"privacy-policy-h2\">\n            S\u00e9curit\u00e9:<br>\n        <\/h2>\n<p class=\"privacy-policy-p\">\n            La s\u00e9curit\u00e9 de vos informations est importante pour<br>\n            nous et nous utiliserons des mesures de s\u00e9curit\u00e9 raisonnables<br>\n            pour emp\u00eacher la perte, l\u2019utilisation abusive ou non autoris\u00e9e<br>\n            modification de vos informations sous notre<br>\n            contr\u00f4le. Cependant, compte tenu des risques inh\u00e9rents, nous<br>\n            ne peut garantir une s\u00e9curit\u00e9 absolue et<br>\n            par cons\u00e9quent, nous ne pouvons pas assurer ou garantir la<br>\n            s\u00e9curit\u00e9 de toute information que vous nous transmettez<br>\n            et vous le faites \u00e0 vos propres risques.\n        <\/p>\n<\/li>\n<li>\n<h2 class=\"privacy-policy-h2\">\n            Liens tiers et utilisation de vos informations :<br>\n        <\/h2>\n<p class=\"privacy-policy-p\">\n            Notre service peut contenir des liens vers d&#039;autres sites Web<br>\n            qui ne sont pas exploit\u00e9s par nous. Cette politique de confidentialit\u00e9<br>\n            n&#039;aborde pas la politique de confidentialit\u00e9 et d&#039;autres<br>\n            pratiques de tiers, y compris toute<br>\n            tiers exploitant un site Web ou un service<br>\n            qui peut \u00eatre accessible via un lien sur le<br>\n            Service. Nous vous conseillons vivement de consulter le<br>\n            politique de confidentialit\u00e9 de chaque site que vous visitez. Nous avons<br>\n            aucun contr\u00f4le sur et n&#039;assume aucune responsabilit\u00e9 pour<br>\n            le contenu, les politiques de confidentialit\u00e9 ou les pratiques de<br>\n            tout site ou service tiers.\n        <\/p>\n<\/li>\n<li>\n<h2 class=\"privacy-policy-h2\">\n            D\u00e9l\u00e9gu\u00e9 aux r\u00e9clamations \/ \u00e0 la protection des donn\u00e9es :<br>\n        <\/h2>\n<p class=\"privacy-policy-p\">\n            Si vous avez des questions ou des pr\u00e9occupations concernant le<br>\n            traitement de vos informations disponibles<br>\n            avec nous, vous pouvez envoyer un e-mail \u00e0 notre responsable des r\u00e9clamations \u00e0<br>\n            Voyage sans barri\u00e8res,<br>\n            1574 rue du Chanoine Dupr\u00e9, L&#039;ancienne-Lorette,<br>\n            courriel : samuel.plante03@gmail.com.<br>\n            Nous r\u00e9pondrons \u00e0 vos pr\u00e9occupations conform\u00e9ment \u00e0 la loi applicable.\n        <\/p>\n<\/li>\n<\/ol>\n<p class=\"privacy-policy-p\">\n    Politique de confidentialit\u00e9 g\u00e9n\u00e9r\u00e9e avec  <a target=\"_blank\" href=\"https:\/\/www.cookieyes.com\/?utm_source=PP&amp;utm_medium=footer&amp;utm_campaign=UW\">CookieOui<\/a>.\n<\/p>\t\t\t\t\t\t\t\t<\/div>\n\t\t\t\t<\/div>\n\t\t\t\t\t<\/div>\n\t\t<\/div>\n\t\t\t\t\t<\/div>\n\t\t<\/section>\n\t\t\t\t<\/div>","protected":false},"excerpt":{"rendered":"<p>POLITIQUE DE CONFIDENTIALIT\u00c9 Derni\u00e8re mise \u00e0 jour\u00a0: 23\u00a0mai\u00a02024 Date d\u2019entr\u00e9e en vigueur\u00a0: 1er\u00a0ao\u00fbt\u00a02023 Cette politique de confidentialit\u00e9 d\u00e9crit les politiques de Fenceless Travel, 1574, rue du Chanoine Dupr\u00e9, L\u2019Ancienne-Lorette (Qu\u00e9bec) G2E\u00a06K4, Canada, courriel\u00a0: samuel.plante03@gmail.com, t\u00e9l\u00e9phone\u00a0: 367\u00a0380-8426, concernant la collecte, l\u2019utilisation et la divulgation des renseignements que nous recueillons lorsque vous utilisez notre site Web (www.fencelesstravel.com). (le \u00ab\u00a0Service\u00a0\u00bb). Par [\u2026]<\/p>","protected":false},"author":40,"featured_media":0,"parent":0,"menu_order":0,"comment_status":"closed","ping_status":"closed","template":"elementor_header_footer","meta":{"_acf_changed":false,"yasr_overall_rating":0,"yasr_post_is_review":"","yasr_auto_insert_disabled":"","yasr_review_type":"","footnotes":""},"class_list":["post-6270","page","type-page","status-publish","hentry"],"acf":[],"yasr_visitor_votes":{"stars_attributes":{"read_only":false,"span_bottom":false},"number_of_votes":0,"sum_votes":0},"_links":{"self":[{"href":"https:\/\/fencelesstravel.com\/fr\/wp-json\/wp\/v2\/pages\/6270","targetHints":{"allow":["GET"]}}],"collection":[{"href":"https:\/\/fencelesstravel.com\/fr\/wp-json\/wp\/v2\/pages"}],"about":[{"href":"https:\/\/fencelesstravel.com\/fr\/wp-json\/wp\/v2\/types\/page"}],"author":[{"embeddable":true,"href":"https:\/\/fencelesstravel.com\/fr\/wp-json\/wp\/v2\/users\/40"}],"replies":[{"embeddable":true,"href":"https:\/\/fencelesstravel.com\/fr\/wp-json\/wp\/v2\/comments?post=6270"}],"version-history":[{"count":0,"href":"https:\/\/fencelesstravel.com\/fr\/wp-json\/wp\/v2\/pages\/6270\/revisions"}],"wp:attachment":[{"href":"https:\/\/fencelesstravel.com\/fr\/wp-json\/wp\/v2\/media?parent=6270"}],"curies":[{"name":"wp","href":"https:\/\/api.w.org\/{rel}","templated":true}]}}