{"id":5562,"date":"2024-05-22T19:56:12","date_gmt":"2024-05-22T19:56:12","guid":{"rendered":"https:\/\/fencelesstrav.wpenginepowered.com\/?page_id=5562"},"modified":"2024-11-11T01:48:54","modified_gmt":"2024-11-11T01:48:54","slug":"refund_returns","status":"publish","type":"page","link":"https:\/\/fencelesstravel.com\/fr\/refund_returns\/","title":{"rendered":"Politique de remboursement et de retour"},"content":{"rendered":"<div data-elementor-type=\"wp-page\" data-elementor-id=\"5562\" class=\"elementor elementor-5562\" data-elementor-post-type=\"page\">\n\t\t\t\t<section class=\"elementor-section elementor-top-section elementor-element elementor-element-247d51c elementor-section-boxed elementor-section-height-default elementor-section-height-default\" data-id=\"247d51c\" data-element_type=\"section\" data-settings=\"{&quot;background_background&quot;:&quot;classic&quot;}\">\n\t\t\t\t\t\t<div class=\"elementor-container elementor-column-gap-default\">\n\t\t\t\t\t<div class=\"elementor-column elementor-col-100 elementor-top-column elementor-element elementor-element-13a9272\" data-id=\"13a9272\" data-element_type=\"column\">\n\t\t\t<div class=\"elementor-widget-wrap elementor-element-populated\">\n\t\t\t\t\t\t<div class=\"elementor-element elementor-element-71ede08 elementor-widget elementor-widget-spacer\" data-id=\"71ede08\" data-element_type=\"widget\" data-widget_type=\"spacer.default\">\n\t\t\t\t<div class=\"elementor-widget-container\">\n\t\t\t\t\t\t\t<div class=\"elementor-spacer\">\n\t\t\t<div class=\"elementor-spacer-inner\"><\/div>\n\t\t<\/div>\n\t\t\t\t\t\t<\/div>\n\t\t\t\t<\/div>\n\t\t\t\t\t<\/div>\n\t\t<\/div>\n\t\t\t\t\t<\/div>\n\t\t<\/section>\n\t\t<div class=\"elementor-element elementor-element-49221bb e-flex e-con-boxed e-con e-parent\" data-id=\"49221bb\" data-element_type=\"container\">\n\t\t\t\t\t<div class=\"e-con-inner\">\n\t\t\t\t<div class=\"elementor-element elementor-element-e76666c elementor-widget elementor-widget-heading\" data-id=\"e76666c\" data-element_type=\"widget\" data-widget_type=\"heading.default\">\n\t\t\t\t<div class=\"elementor-widget-container\">\n\t\t\t\t\t<h2 class=\"elementor-heading-title elementor-size-default\">Remboursements et retours<\/h2>\t\t\t\t<\/div>\n\t\t\t\t<\/div>\n\t\t\t\t<div class=\"elementor-element elementor-element-237c433e elementor-widget elementor-widget-text-editor\" data-id=\"237c433e\" data-element_type=\"widget\" data-widget_type=\"text-editor.default\">\n\t\t\t\t<div class=\"elementor-widget-container\">\n\t\t\t\t\t\t\t\t\t<p><\/p>\n<p>\u00a0<\/p>\n<h3>\u00a0<\/h3>\n<h3>REMBOURSEMENTS ET RETOURS<\/h3>\n<p>\u00a0<\/p>\n<p><\/p>\n<p><\/p>\n<p>Notre politique de remboursement et de retour dure 30 jours. Si 30 jours se sont \u00e9coul\u00e9s depuis votre achat, nous ne pouvons pas vous offrir un remboursement complet ou un \u00e9change.<\/p>\n<p><\/p>\n<p><\/p>\n<p>Pour pouvoir b\u00e9n\u00e9ficier d&#039;un retour, votre article doit \u00eatre inutilis\u00e9 et dans le m\u00eame \u00e9tat dans lequel vous l&#039;avez re\u00e7u. Il doit \u00e9galement \u00eatre dans son emballage d&#039;origine.<\/p>\n<p><\/p>\n<p><\/p>\n<p>Plusieurs types de marchandises ne peuvent pas \u00eatre retourn\u00e9es. Les produits p\u00e9rissables tels que la nourriture, les fleurs, les journaux ou les magazines ne peuvent pas \u00eatre retourn\u00e9s. Nous n&#039;acceptons pas non plus les produits \u00e0 usage intime ou sanitaire, les mati\u00e8res dangereuses ou les liquides ou gaz inflammables.<\/p>\n<p><\/p>\n<p><\/p>\n<p>Articles suppl\u00e9mentaires non retournables :<\/p>\n<p><\/p>\n<p><\/p>\n<ul class=\"wp-block-list\">\n<li style=\"list-style-type: none;\">\n<ul class=\"wp-block-list\"><\/ul>\n<\/li>\n<\/ul>\n<p>\u00a0<\/p>\n<ul class=\"wp-block-list\">\n<li style=\"list-style-type: none;\">\n<ul class=\"wp-block-list\">\n<li>Cartes cadeaux<\/li>\n<\/ul>\n<\/li>\n<\/ul>\n<p><\/p>\n<p><\/p>\n<ul class=\"wp-block-list\">\n<li style=\"list-style-type: none;\">\n<ul class=\"wp-block-list\">\n<li>Produits logiciels t\u00e9l\u00e9chargeables<\/li>\n<\/ul>\n<\/li>\n<\/ul>\n<p><\/p>\n<p><\/p>\n<ul class=\"wp-block-list\">\n<li style=\"list-style-type: none;\">\n<ul class=\"wp-block-list\">\n<li>Certains articles de sant\u00e9 et de soins personnels<\/li>\n<\/ul>\n<\/li>\n<\/ul>\n<p><\/p>\n<p><\/p>\n<p><\/p>\n<p>Pour compl\u00e9ter votre retour, nous avons besoin d&#039;un re\u00e7u ou d&#039;une preuve d&#039;achat.<\/p>\n<p><\/p>\n<p><\/p>\n<p>Veuillez ne pas renvoyer votre achat au fabricant.<\/p>\n<p><\/p>\n<p><\/p>\n<p>Il existe certaines situations dans lesquelles seuls des remboursements partiels sont accord\u00e9s :<\/p>\n<p><\/p>\n<p><\/p>\n<ul class=\"wp-block-list\">\n<li style=\"list-style-type: none;\">\n<ul class=\"wp-block-list\"><\/ul>\n<\/li>\n<\/ul>\n<p>\u00a0<\/p>\n<ul class=\"wp-block-list\">\n<li style=\"list-style-type: none;\">\n<ul class=\"wp-block-list\">\n<li>Livre avec des signes \u00e9vidents d&#039;utilisation<\/li>\n<\/ul>\n<\/li>\n<\/ul>\n<p><\/p>\n<p><\/p>\n<ul class=\"wp-block-list\">\n<li style=\"list-style-type: none;\">\n<ul class=\"wp-block-list\">\n<li>CD, DVD, cassette VHS, logiciel, jeu vid\u00e9o, cassette audio ou disque vinyle qui a \u00e9t\u00e9 ouvert.<\/li>\n<\/ul>\n<\/li>\n<\/ul>\n<p><\/p>\n<p><\/p>\n<ul class=\"wp-block-list\">\n<li style=\"list-style-type: none;\">\n<ul class=\"wp-block-list\">\n<li>Tout article qui n&#039;est pas dans son \u00e9tat d&#039;origine, qui est endommag\u00e9 ou qui pr\u00e9sente des pi\u00e8ces manquantes pour des raisons qui ne sont pas dues \u00e0 notre erreur.<\/li>\n<\/ul>\n<\/li>\n<\/ul>\n<p><\/p>\n<p><\/p>\n<ul class=\"wp-block-list\">\n<li style=\"list-style-type: none;\">\n<ul class=\"wp-block-list\">\n<li>Tout article retourn\u00e9 plus de 30 jours apr\u00e8s la livraison<\/li>\n<\/ul>\n<\/li>\n<\/ul>\n<p><\/p>\n<p><\/p>\n<p><\/p>\n<p>\u00a0<\/p>\n<h2>Remboursements<\/h2>\n<p>\u00a0<\/p>\n<p><\/p>\n<p><\/p>\n<p>Une fois votre retour re\u00e7u et inspect\u00e9, nous vous enverrons un e-mail pour vous informer que nous avons re\u00e7u votre article retourn\u00e9. Nous vous informerons \u00e9galement de l&#039;approbation ou du rejet de votre remboursement.<\/p>\n<p><\/p>\n<p><\/p>\n<p>Si votre demande est approuv\u00e9e, votre remboursement sera trait\u00e9 et un cr\u00e9dit sera automatiquement appliqu\u00e9 \u00e0 votre carte de cr\u00e9dit ou \u00e0 votre mode de paiement d&#039;origine, dans un certain d\u00e9lai.<\/p>\n<p><\/p>\n<p><\/p>\n<p><b>Remboursements en retard ou manquants<\/b><\/p>\n<p><\/p>\n<p><\/p>\n<p>Si vous n\u2019avez pas encore re\u00e7u de remboursement, v\u00e9rifiez d\u2019abord \u00e0 nouveau votre compte bancaire.<\/p>\n<p><\/p>\n<p><\/p>\n<p>Contactez ensuite votre soci\u00e9t\u00e9 de carte de cr\u00e9dit, car cela peut prendre un certain temps avant que votre remboursement ne soit officiellement publi\u00e9.<\/p>\n<p><\/p>\n<p><\/p>\n<p>Contactez ensuite votre banque. Il faut souvent un certain temps de traitement avant qu&#039;un remboursement ne soit effectu\u00e9.<\/p>\n<p><\/p>\n<p><\/p>\n<p>Si vous avez effectu\u00e9 toutes ces \u00e9tapes et que vous n&#039;avez toujours pas re\u00e7u votre remboursement, veuillez nous contacter \u00e0 {adresse e-mail}.<\/p>\n<p><\/p>\n<p><\/p>\n<p><b>Articles en solde<\/b><\/p>\n<p><\/p>\n<p><\/p>\n<p>Seuls les articles \u00e0 prix r\u00e9gulier peuvent \u00eatre rembours\u00e9s. Les articles sold\u00e9s ne peuvent pas \u00eatre rembours\u00e9s.<\/p>\n<p><\/p>\n<p><\/p>\n<p>\u00a0<\/p>\n<h2>\u00c9changes<\/h2>\n<p>\u00a0<\/p>\n<p><\/p>\n<p><\/p>\n<p>Nous rempla\u00e7ons uniquement les articles d\u00e9fectueux ou endommag\u00e9s. Si vous souhaitez l&#039;\u00e9changer contre le m\u00eame article, envoyez-nous un e-mail \u00e0 {adresse e-mail} et envoyez votre article \u00e0\u00a0: {adresse physique}.<\/p>\n<p><\/p>\n<p><\/p>\n<p>\u00a0<\/p>\n<h2>Cadeaux<\/h2>\n<p>\u00a0<\/p>\n<p><\/p>\n<p><\/p>\n<p>Si l&#039;article retourn\u00e9 a \u00e9t\u00e9 identifi\u00e9 comme cadeau lors de l&#039;achat et qu&#039;il vous a \u00e9t\u00e9 envoy\u00e9 directement, vous recevrez un cr\u00e9dit-cadeau d&#039;une valeur \u00e9gale \u00e0 celle de votre retour. Une fois l&#039;article retourn\u00e9 re\u00e7u, un ch\u00e8que-cadeau vous sera envoy\u00e9 par courrier.<\/p>\n<p><\/p>\n<p><\/p>\n<p>Si l&#039;article n&#039;a pas \u00e9t\u00e9 marqu\u00e9 comme cadeau lors de l&#039;achat, ou si le donateur du cadeau a fait exp\u00e9dier la commande pour vous l&#039;offrir plus tard, nous enverrons un remboursement au donateur du cadeau et il sera inform\u00e9 de votre retour.<\/p>\n<p><\/p>\n<p><\/p>\n<p>\u00a0<\/p>\n<h2>Retours d&#039;exp\u00e9dition<\/h2>\n<p>\u00a0<\/p>\n<p><\/p>\n<p><\/p>\n<p>Pour retourner votre produit, vous devez l&#039;envoyer par courrier \u00e0 : {adresse physique}.<\/p>\n<p><\/p>\n<p><\/p>\n<p>Vous devrez payer vos propres frais d&#039;exp\u00e9dition pour retourner votre article. Les frais d&#039;exp\u00e9dition ne sont pas remboursables. Si vous recevez un remboursement, les frais de retour seront d\u00e9duits de celui-ci.<\/p>\n<p><\/p>\n<p><\/p>\n<p>Selon l&#039;endroit o\u00f9 vous vivez, le d\u00e9lai n\u00e9cessaire pour que votre produit \u00e9chang\u00e9 vous parvienne peut varier.<\/p>\n<p><\/p>\n<p><\/p>\n<p>Si vous retournez des articles plus chers, vous pouvez envisager d&#039;utiliser un service d&#039;exp\u00e9dition avec suivi ou de souscrire une assurance d&#039;exp\u00e9dition. Nous ne garantissons pas que nous recevrons votre article retourn\u00e9.<\/p>\n<p><\/p>\n<p><\/p>\n<p>\u00a0<\/p>\n<h2>Besoin d&#039;aide ?<\/h2>\n<p>\u00a0<\/p>\n<p><\/p>\n<p><\/p>\n<p>Contactez-nous \u00e0 {email} pour toute question relative aux remboursements et aux retours.<\/p>\n<p><\/p>\t\t\t\t\t\t\t\t<\/div>\n\t\t\t\t<\/div>\n\t\t\t\t\t<\/div>\n\t\t\t\t<\/div>\t\t<\/div>","protected":false},"excerpt":{"rendered":"<p>Remboursements et retours. Notre politique de remboursement et de retour est valable 30 jours. Pass\u00e9 ce d\u00e9lai, nous ne pouvons vous offrir ni remboursement int\u00e9gral ni \u00e9change. Pour \u00eatre \u00e9ligible \u00e0 un retour, votre article doit \u00eatre inutilis\u00e9 et dans le m\u00eame \u00e9tat que lorsque vous l&#039;avez re\u00e7u. Il [\u2026]<\/p>","protected":false},"author":1,"featured_media":0,"parent":0,"menu_order":0,"comment_status":"closed","ping_status":"closed","template":"elementor_header_footer","meta":{"_acf_changed":false,"yasr_overall_rating":0,"yasr_post_is_review":"","yasr_auto_insert_disabled":"","yasr_review_type":"","footnotes":""},"class_list":["post-5562","page","type-page","status-publish","hentry"],"acf":[],"yasr_visitor_votes":{"stars_attributes":{"read_only":false,"span_bottom":false},"number_of_votes":0,"sum_votes":0},"_links":{"self":[{"href":"https:\/\/fencelesstravel.com\/fr\/wp-json\/wp\/v2\/pages\/5562","targetHints":{"allow":["GET"]}}],"collection":[{"href":"https:\/\/fencelesstravel.com\/fr\/wp-json\/wp\/v2\/pages"}],"about":[{"href":"https:\/\/fencelesstravel.com\/fr\/wp-json\/wp\/v2\/types\/page"}],"author":[{"embeddable":true,"href":"https:\/\/fencelesstravel.com\/fr\/wp-json\/wp\/v2\/users\/1"}],"replies":[{"embeddable":true,"href":"https:\/\/fencelesstravel.com\/fr\/wp-json\/wp\/v2\/comments?post=5562"}],"version-history":[{"count":0,"href":"https:\/\/fencelesstravel.com\/fr\/wp-json\/wp\/v2\/pages\/5562\/revisions"}],"wp:attachment":[{"href":"https:\/\/fencelesstravel.com\/fr\/wp-json\/wp\/v2\/media?parent=5562"}],"curies":[{"name":"wp","href":"https:\/\/api.w.org\/{rel}","templated":true}]}}