{"id":5559,"date":"2022-08-11T20:15:36","date_gmt":"2022-08-11T20:15:36","guid":{"rendered":"https:\/\/fencelesstrav.wpenginepowered.com\/cart\/"},"modified":"2025-02-14T05:40:24","modified_gmt":"2025-02-14T05:40:24","slug":"cart","status":"publish","type":"page","link":"https:\/\/fencelesstravel.com\/fr\/cart\/","title":{"rendered":"Panier"},"content":{"rendered":"<div data-elementor-type=\"wp-page\" data-elementor-id=\"5559\" class=\"elementor elementor-5559\" data-elementor-post-type=\"page\">\n\t\t\t\t\t\t<section class=\"elementor-section elementor-top-section elementor-element elementor-element-0e4cf09 elementor-section-boxed elementor-section-height-default elementor-section-height-default\" data-id=\"0e4cf09\" data-element_type=\"section\" data-settings=\"{&quot;background_background&quot;:&quot;classic&quot;}\">\n\t\t\t\t\t\t<div class=\"elementor-container elementor-column-gap-default\">\n\t\t\t\t\t<div class=\"elementor-column elementor-col-100 elementor-top-column elementor-element elementor-element-45933cc\" data-id=\"45933cc\" data-element_type=\"column\">\n\t\t\t<div class=\"elementor-widget-wrap elementor-element-populated\">\n\t\t\t\t\t\t<div class=\"elementor-element elementor-element-44ebd01 elementor-widget elementor-widget-spacer\" data-id=\"44ebd01\" data-element_type=\"widget\" data-widget_type=\"spacer.default\">\n\t\t\t\t<div class=\"elementor-widget-container\">\n\t\t\t\t\t\t\t<div class=\"elementor-spacer\">\n\t\t\t<div class=\"elementor-spacer-inner\"><\/div>\n\t\t<\/div>\n\t\t\t\t\t\t<\/div>\n\t\t\t\t<\/div>\n\t\t\t\t\t<\/div>\n\t\t<\/div>\n\t\t\t\t\t<\/div>\n\t\t<\/section>\n\t\t<div class=\"elementor-element elementor-element-01f36f7 e-flex e-con-boxed e-con e-parent\" data-id=\"01f36f7\" data-element_type=\"container\">\n\t\t\t\t\t<div class=\"e-con-inner\">\n\t\t\t\t<div class=\"elementor-element elementor-element-edca096 elementor-widget elementor-widget-heading\" data-id=\"edca096\" data-element_type=\"widget\" data-widget_type=\"heading.default\">\n\t\t\t\t<div class=\"elementor-widget-container\">\n\t\t\t\t\t<h1 class=\"elementor-heading-title elementor-size-default\">Panier<\/h1>\t\t\t\t<\/div>\n\t\t\t\t<\/div>\n\t\t\t\t\t<\/div>\n\t\t\t\t<\/div>\n\t\t\t\t<section class=\"elementor-section elementor-top-section elementor-element elementor-element-1efd82af elementor-section-boxed elementor-section-height-default elementor-section-height-default\" data-id=\"1efd82af\" data-element_type=\"section\">\n\t\t\t\t\t\t<div class=\"elementor-container elementor-column-gap-default\">\n\t\t\t\t\t<div class=\"elementor-column elementor-col-100 elementor-top-column elementor-element elementor-element-2b016265\" data-id=\"2b016265\" data-element_type=\"column\">\n\t\t\t<div class=\"elementor-widget-wrap elementor-element-populated\">\n\t\t\t\t\t\t\t<\/div>\n\t\t<\/div>\n\t\t\t\t\t<\/div>\n\t\t<\/section>\n\t\t\t\t<\/div>","protected":false},"excerpt":{"rendered":"<p>Panier Supprimer l&#039;article Image miniature Prix du produit Quantit\u00e9 Sous-total \u00d7 T-shirt Two tickets anywhere Orange br\u00fbl\u00e9 Taille : Petit $39.99 T-shirt Two tickets anywhere Orange br\u00fbl\u00e9 \u2013 Petite quantit\u00e9 $39.99 Mettre \u00e0 jour le panier Appliquer le coupon Totaux du panier Sous-total $39.99 Exp\u00e9dition Exp\u00e9dition standard : $8.00 Ramassage au Caf\u00e9 Kogi (Qu\u00e9bec, QC) Exp\u00e9dition au 320 Rue Saint-Roch, Qu\u00e9bec QC [\u2026]<\/p>","protected":false},"author":1,"featured_media":0,"parent":0,"menu_order":0,"comment_status":"closed","ping_status":"closed","template":"elementor_header_footer","meta":{"_acf_changed":false,"yasr_overall_rating":0,"yasr_post_is_review":"","yasr_auto_insert_disabled":"","yasr_review_type":"","footnotes":""},"class_list":["post-5559","page","type-page","status-publish","hentry"],"acf":[],"yasr_visitor_votes":{"stars_attributes":{"read_only":false,"span_bottom":false},"number_of_votes":0,"sum_votes":0},"_links":{"self":[{"href":"https:\/\/fencelesstravel.com\/fr\/wp-json\/wp\/v2\/pages\/5559","targetHints":{"allow":["GET"]}}],"collection":[{"href":"https:\/\/fencelesstravel.com\/fr\/wp-json\/wp\/v2\/pages"}],"about":[{"href":"https:\/\/fencelesstravel.com\/fr\/wp-json\/wp\/v2\/types\/page"}],"author":[{"embeddable":true,"href":"https:\/\/fencelesstravel.com\/fr\/wp-json\/wp\/v2\/users\/1"}],"replies":[{"embeddable":true,"href":"https:\/\/fencelesstravel.com\/fr\/wp-json\/wp\/v2\/comments?post=5559"}],"version-history":[{"count":3,"href":"https:\/\/fencelesstravel.com\/fr\/wp-json\/wp\/v2\/pages\/5559\/revisions"}],"predecessor-version":[{"id":8206,"href":"https:\/\/fencelesstravel.com\/fr\/wp-json\/wp\/v2\/pages\/5559\/revisions\/8206"}],"wp:attachment":[{"href":"https:\/\/fencelesstravel.com\/fr\/wp-json\/wp\/v2\/media?parent=5559"}],"curies":[{"name":"wp","href":"https:\/\/api.w.org\/{rel}","templated":true}]}}