{"id":4692,"date":"2021-09-01T20:11:12","date_gmt":"2021-09-01T20:11:12","guid":{"rendered":"https:\/\/fencelesstrav.wpenginepowered.com\/?page_id=4692"},"modified":"2024-01-09T18:10:25","modified_gmt":"2024-01-09T18:10:25","slug":"login","status":"publish","type":"page","link":"https:\/\/fencelesstravel.com\/fr\/login\/","title":{"rendered":"Se connecter"},"content":{"rendered":"<div data-elementor-type=\"wp-page\" data-elementor-id=\"4692\" class=\"elementor elementor-4692\" data-elementor-post-type=\"page\">\n\t\t\t\t\t\t<section class=\"elementor-section elementor-top-section elementor-element elementor-element-f8052f8 elementor-section-height-min-height elementor-section-boxed elementor-section-height-default elementor-section-items-middle\" data-id=\"f8052f8\" data-element_type=\"section\" data-settings=\"{&quot;background_background&quot;:&quot;classic&quot;}\">\n\t\t\t\t\t\t\t<div class=\"elementor-background-overlay\"><\/div>\n\t\t\t\t\t\t\t<div class=\"elementor-container elementor-column-gap-default\">\n\t\t\t\t\t<div class=\"elementor-column elementor-col-100 elementor-top-column elementor-element elementor-element-f815249\" data-id=\"f815249\" data-element_type=\"column\">\n\t\t\t<div class=\"elementor-widget-wrap elementor-element-populated\">\n\t\t\t\t\t\t<div class=\"elementor-element elementor-element-1e295fc lowercaseTitle elementor-widget elementor-widget-heading\" data-id=\"1e295fc\" data-element_type=\"widget\" data-widget_type=\"heading.default\">\n\t\t\t\t<div class=\"elementor-widget-container\">\n\t\t\t\t\t<h1 class=\"elementor-heading-title elementor-size-default\">Se connecter<\/h1>\t\t\t\t<\/div>\n\t\t\t\t<\/div>\n\t\t\t\t<div class=\"elementor-element elementor-element-b168642 elementor-widget elementor-widget-heading\" data-id=\"b168642\" data-element_type=\"widget\" data-widget_type=\"heading.default\">\n\t\t\t\t<div class=\"elementor-widget-container\">\n\t\t\t\t\t<span class=\"elementor-heading-title elementor-size-default\">Bienvenue dans la communaut\u00e9 Fenceless Travel !<\/span>\t\t\t\t<\/div>\n\t\t\t\t<\/div>\n\t\t\t\t<div class=\"elementor-element elementor-element-deca723 elementor-widget elementor-widget-heading\" data-id=\"deca723\" data-element_type=\"widget\" data-widget_type=\"heading.default\">\n\t\t\t\t<div class=\"elementor-widget-container\">\n\t\t\t\t\t<span class=\"elementor-heading-title elementor-size-default\">Remplissez ce formulaire pour rejoindre le mouvement et ajouter de nouvelles attractions sur la plateforme.<\/span>\t\t\t\t<\/div>\n\t\t\t\t<\/div>\n\t\t\t\t\t<\/div>\n\t\t<\/div>\n\t\t\t\t\t<\/div>\n\t\t<\/section>\n\t\t\t\t<section class=\"elementor-section elementor-top-section elementor-element elementor-element-7e07e44 elementor-section-boxed elementor-section-height-default elementor-section-height-default\" data-id=\"7e07e44\" data-element_type=\"section\" id=\"login-form-wrapper\" data-settings=\"{&quot;background_background&quot;:&quot;classic&quot;}\">\n\t\t\t\t\t\t<div class=\"elementor-container elementor-column-gap-default\">\n\t\t\t\t\t<div class=\"elementor-column elementor-col-100 elementor-top-column elementor-element elementor-element-7bf1c28\" data-id=\"7bf1c28\" data-element_type=\"column\">\n\t\t\t<div class=\"elementor-widget-wrap elementor-element-populated\">\n\t\t\t\t\t\t<div class=\"elementor-element elementor-element-188e4f5 elementor-widget elementor-widget-shortcode\" data-id=\"188e4f5\" data-element_type=\"widget\" data-widget_type=\"shortcode.default\">\n\t\t\t\t<div class=\"elementor-widget-container\">\n\t\t\t\t\t\t\t<div class=\"elementor-shortcode\"><div class='gf_browser_gecko gform_wrapper gf_login_form gravity-theme' id='gform_wrapper_0'><form method='post' id='gform_0' action=\"\"><input type='hidden' name='login_redirect' value='https:\/\/fencelesstravel.com\/add-destination\/' \/><div class='gform_body'><div id='gform_fields_login' class='gform_fields top_label'><div id=\"field_0_1\" class=\"gfield gfield--type-text gfield_contains_required field_sublabel_below gfield--no-description field_description_below field_validation_below gfield_visibility_visible\"  ><label class='gfield_label gform-field-label' for='input_1'>Nom d&#039;utilisateur<span class=\"gfield_required\"><span class=\"gfield_required gfield_required_text\">(N\u00e9cessaire)<\/span><\/span><\/label><div class='ginput_container ginput_container_text'><input name='input_1' id='input_1' type='text' value='' class=''     aria-required=\"true\" aria-invalid=\"false\"   \/><\/div><\/div><div id=\"field_0_2\" class=\"gfield gfield--type-text gfield_contains_required field_sublabel_below gfield--no-description field_description_below field_validation_below gfield_visibility_visible\"  ><label class='gfield_label gform-field-label' for='input_2'>Mot de passe<span class=\"gfield_required\"><span class=\"gfield_required gfield_required_text\">(N\u00e9cessaire)<\/span><\/span><\/label><div class='ginput_container ginput_container_text'><input name='input_2' id='input_2' type='password' value='' class=''     aria-required=\"true\" aria-invalid=\"false\"   \/><\/div><\/div><div id=\"field_0_3\" class=\"gfield gfield--type-remember_me field_sublabel_below gfield--no-description field_description_below hidden_label field_validation_below gfield_visibility_visible\"  ><label class='gfield_label gform-field-label screen-reader-text gfield_label_before_complex' ><\/label><div class='ginput_container ginput_container_checkbox'><div class='gfield_checkbox' id='input_3'><div class='gchoice gchoice_3'>\n\t\t\t\t\t\t<input class='gfield-choice-input' name='input_3.1' type='checkbox'  value='1'  id='choice_3'   \/>\n\t\t\t\t\t\t<label for='choice_3' id='label_3'>Se souvenir de moi<\/label>\n\t\t\t\t\t<\/div><\/div><\/div><\/div><\/div><\/div>\n        <div class='gform_footer top_label'> <input type='submit' id='gform_submit_button_0' class='gform_button button' onclick='gform.submission.handleButtonClick(this);' data-submission-type='submit' value='Rapport'  \/> \n            <input type='hidden' class='gform_hidden' name='gform_submission_method' data-js='gform_submission_method_0' value='postback' \/>\n            <input type='hidden' class='gform_hidden' name='gform_theme' data-js='gform_theme_0' id='gform_theme_0' value='' \/>\n            <input type='hidden' class='gform_hidden' name='gform_style_settings' data-js='gform_style_settings_0' id='gform_style_settings_0' value='' \/>\n            <input type='hidden' class='gform_hidden' name='is_submit_0' value='1' \/>\n            <input type='hidden' class='gform_hidden' name='gform_submit' value='0' \/>\n            \n            <input type='hidden' class='gform_hidden' name='gform_unique_id' value='' \/>\n            <input type='hidden' class='gform_hidden' name='state_0' value='WyJbXSIsImI2ZDFlOWMzM2NiOTg5ZTJjZWI0MzdmMjliYzcxMmZlIl0=' \/>\n            <input type='hidden' autocomplete='off' class='gform_hidden' name='gform_target_page_number_0' id='gform_target_page_number_0' value='0' \/>\n            <input type='hidden' autocomplete='off' class='gform_hidden' name='gform_source_page_number_0' id='gform_source_page_number_0' value='1' \/>\n            <input type='hidden' name='gform_field_values' value='' \/>\n            \n        <\/div><input type=\"hidden\" name=\"trp-form-language\" value=\"fr\"\/><\/form><\/div><nav class=\"gf_login_links\"><a href=\"https:\/\/fencelesstravel.com\/fr\/fencelesstravel-user-registration\/\" title=\"Inscrivez-vous sur mon site super g\u00e9nial\">Inscrivez-vous sur mon site super g\u00e9nial<\/a><br \/><a href=\"https:\/\/fencelesstravel.com\/fr\/my-account\/lost-password\/\" title=\"Arr\u00eatez d&#039;oublier votre mot de passe\">Arr\u00eatez d&#039;oublier votre mot de passe<\/a><br \/><\/nav><\/div>\n\t\t\t\t\t\t<\/div>\n\t\t\t\t<\/div>\n\t\t\t\t<div class=\"elementor-element elementor-element-07e81e0 elementor-align-center elementor-widget elementor-widget-button\" data-id=\"07e81e0\" data-element_type=\"widget\" data-widget_type=\"button.default\">\n\t\t\t\t<div class=\"elementor-widget-container\">\n\t\t\t\t\t\t\t\t\t<div class=\"elementor-button-wrapper\">\n\t\t\t\t\t<a class=\"elementor-button elementor-button-link elementor-size-sm\" href=\"https:\/\/fencelesstravel.com\/fr\/fencelesstravel-user-registration\/\">\n\t\t\t\t\t\t<span class=\"elementor-button-content-wrapper\">\n\t\t\t\t\t\t\t\t\t<span class=\"elementor-button-text\">Vous n&#039;avez pas de compte ? Inscrivez-vous maintenant !<\/span>\n\t\t\t\t\t<\/span>\n\t\t\t\t\t<\/a>\n\t\t\t\t<\/div>\n\t\t\t\t\t\t\t\t<\/div>\n\t\t\t\t<\/div>\n\t\t\t\t<div class=\"elementor-element elementor-element-6dee0fe elementor-hidden-desktop elementor-hidden-tablet elementor-hidden-mobile elementor-widget elementor-widget-heading\" data-id=\"6dee0fe\" data-element_type=\"widget\" data-widget_type=\"heading.default\">\n\t\t\t\t<div class=\"elementor-widget-container\">\n\t\t\t\t\t<p class=\"elementor-heading-title elementor-size-default\"><a href=\"\/fr\/add-destination\/\"><b>Vous n&#039;avez pas de compte ?<\/b><\/a><\/p>\t\t\t\t<\/div>\n\t\t\t\t<\/div>\n\t\t\t\t<div class=\"elementor-element elementor-element-2acdb83 elementor-widget elementor-widget-shortcode\" data-id=\"2acdb83\" data-element_type=\"widget\" data-widget_type=\"shortcode.default\">\n\t\t\t\t<div class=\"elementor-widget-container\">\n\t\t\t\t\t\t\t<div class=\"elementor-shortcode\">[miniorange_social_login forme=&quot;carr\u00e9&quot; th\u00e8me=&quot;par d\u00e9faut&quot; espace=&quot;4&quot; taille=&quot;35&quot;]<\/div>\n\t\t\t\t\t\t<\/div>\n\t\t\t\t<\/div>\n\t\t\t\t<div class=\"elementor-element elementor-element-c069fdd elementor-hidden-desktop elementor-hidden-tablet elementor-hidden-mobile elementor-widget elementor-widget-tp-gravityt-form\" data-id=\"c069fdd\" data-element_type=\"widget\" data-widget_type=\"tp-gravityt-form.default\">\n\t\t\t\t<div class=\"elementor-widget-container\">\n\t\t\t\t\t<div class=\"pt_plus_gravity_form\" ><p><p class=\"Custom-web-message\"> Vous devez <a href=\"https:\/\/fencelesstravel.com\/fr\/login\/\" class=\"log-form-design\">se connecter<\/a> pour ajouter le lieu.<\/p><\/p><\/div>\t\t\t\t<\/div>\n\t\t\t\t<\/div>\n\t\t\t\t\t<\/div>\n\t\t<\/div>\n\t\t\t\t\t<\/div>\n\t\t<\/section>\n\t\t\t\t<\/div>","protected":false},"excerpt":{"rendered":"<p>Connexion Bienvenue dans la communaut\u00e9 Fenceless Travel ! Remplissez ce formulaire pour rejoindre le mouvement et ajouter de nouvelles attractions sur la plateforme. Pas encore de compte ? Inscrivez-vous ! Pas encore de compte ? [miniorange_social_login shape=\u201dsquare\u201d theme=\u201ddefault\u201d space=\u201d4\u2033 size=\u201d35\u2033] Nom du lieu (obligatoire) Description (obligatoire) Comment s&#039;y rendre Photo (obligatoire) D\u00e9posez vos fichiers ici ou [\u2026]<\/p>","protected":false},"author":2,"featured_media":0,"parent":0,"menu_order":0,"comment_status":"closed","ping_status":"closed","template":"","meta":{"_acf_changed":false,"yasr_overall_rating":0,"yasr_post_is_review":"","yasr_auto_insert_disabled":"","yasr_review_type":"","footnotes":""},"class_list":["post-4692","page","type-page","status-publish","hentry"],"acf":[],"yasr_visitor_votes":{"stars_attributes":{"read_only":false,"span_bottom":false},"number_of_votes":0,"sum_votes":0},"_links":{"self":[{"href":"https:\/\/fencelesstravel.com\/fr\/wp-json\/wp\/v2\/pages\/4692","targetHints":{"allow":["GET"]}}],"collection":[{"href":"https:\/\/fencelesstravel.com\/fr\/wp-json\/wp\/v2\/pages"}],"about":[{"href":"https:\/\/fencelesstravel.com\/fr\/wp-json\/wp\/v2\/types\/page"}],"author":[{"embeddable":true,"href":"https:\/\/fencelesstravel.com\/fr\/wp-json\/wp\/v2\/users\/2"}],"replies":[{"embeddable":true,"href":"https:\/\/fencelesstravel.com\/fr\/wp-json\/wp\/v2\/comments?post=4692"}],"version-history":[{"count":0,"href":"https:\/\/fencelesstravel.com\/fr\/wp-json\/wp\/v2\/pages\/4692\/revisions"}],"wp:attachment":[{"href":"https:\/\/fencelesstravel.com\/fr\/wp-json\/wp\/v2\/media?parent=4692"}],"curies":[{"name":"wp","href":"https:\/\/api.w.org\/{rel}","templated":true}]}}